{"id":1650,"date":"2025-08-13T19:04:48","date_gmt":"2025-08-13T18:04:48","guid":{"rendered":"https:\/\/www.stichtingderuimte.nl\/?page_id=1650"},"modified":"2026-03-26T09:45:07","modified_gmt":"2026-03-26T08:45:07","slug":"beleidsplan","status":"publish","type":"page","link":"https:\/\/www.stichtingderuimte.nl\/index.php\/beleidsplan\/","title":{"rendered":"ANBI Beleidsplan"},"content":{"rendered":"\t\t<div data-elementor-type=\"wp-page\" data-elementor-id=\"1650\" class=\"elementor elementor-1650\" data-elementor-post-type=\"page\">\n\t\t\t\t\t\t<section class=\"elementor-section elementor-top-section elementor-element elementor-element-2700a12 elementor-section-boxed elementor-section-height-default elementor-section-height-default\" data-id=\"2700a12\" data-element_type=\"section\" data-e-type=\"section\">\n\t\t\t\t\t\t<div class=\"elementor-container elementor-column-gap-default\">\n\t\t\t\t\t<div class=\"elementor-column elementor-col-100 elementor-top-column elementor-element elementor-element-a66e735\" data-id=\"a66e735\" data-element_type=\"column\" data-e-type=\"column\">\n\t\t\t<div class=\"elementor-widget-wrap elementor-element-populated\">\n\t\t\t\t\t\t<div class=\"elementor-element elementor-element-2470140 elementor-widget elementor-widget-heading\" data-id=\"2470140\" data-element_type=\"widget\" data-e-type=\"widget\" data-widget_type=\"heading.default\">\n\t\t\t\t<div class=\"elementor-widget-container\">\n\t\t\t\t\t<h3 class=\"elementor-heading-title elementor-size-default\">Beleidsplan 2025-2030<\/h3>\t\t\t\t<\/div>\n\t\t\t\t<\/div>\n\t\t\t\t\t<\/div>\n\t\t<\/div>\n\t\t\t\t\t<\/div>\n\t\t<\/section>\n\t\t\t\t<section class=\"elementor-section elementor-top-section elementor-element elementor-element-ec456ce elementor-section-boxed elementor-section-height-default elementor-section-height-default\" data-id=\"ec456ce\" data-element_type=\"section\" data-e-type=\"section\">\n\t\t\t\t\t\t<div class=\"elementor-container elementor-column-gap-default\">\n\t\t\t\t\t<div class=\"elementor-column elementor-col-100 elementor-top-column elementor-element elementor-element-e475081\" data-id=\"e475081\" data-element_type=\"column\" data-e-type=\"column\">\n\t\t\t<div class=\"elementor-widget-wrap\">\n\t\t\t\t\t\t\t<\/div>\n\t\t<\/div>\n\t\t\t\t\t<\/div>\n\t\t<\/section>\n\t\t\t\t<section class=\"elementor-section elementor-top-section elementor-element elementor-element-1943a55 elementor-section-boxed elementor-section-height-default elementor-section-height-default\" data-id=\"1943a55\" data-element_type=\"section\" data-e-type=\"section\">\n\t\t\t\t\t\t<div class=\"elementor-container elementor-column-gap-default\">\n\t\t\t\t\t<div class=\"elementor-column elementor-col-100 elementor-top-column elementor-element elementor-element-36fe071\" data-id=\"36fe071\" data-element_type=\"column\" data-e-type=\"column\">\n\t\t\t<div class=\"elementor-widget-wrap elementor-element-populated\">\n\t\t\t\t\t\t<div class=\"elementor-element elementor-element-295c3b3 elementor-widget elementor-widget-text-editor\" data-id=\"295c3b3\" data-element_type=\"widget\" data-e-type=\"widget\" data-widget_type=\"text-editor.default\">\n\t\t\t\t<div class=\"elementor-widget-container\">\n\t\t\t\t\t\t\t\t\t<p><strong>Inleiding<\/strong><br>Stichting DeRuimte is gevestigd aan de Heuvelstraat 52-Bis in Breda en organiseert culturele en maatschappelijke activiteiten die ruimte geven aan ontmoeting, expressie en ontwikkeling. De stichting is met name actief in de wijken Heuvelkwartier en Princenhage en opereert vanuit een voormalig schoolgebouw dat is omgevormd tot een levendige, toegankelijke plek voor kunst en cultuur.<br>Dit beleidsplan beschrijft de missie, visie, juridische basis, doelstellingen, activiteiten, doelgroepen, organisatie, locatie, financiering en kwaliteitsborging van de stichting en vormt daarmee de leidraad voor de komende jaren.&nbsp;<\/p>\n<p><strong>Missie &amp; Visie<\/strong><br>Het is de missie van Stichting DeRuimte om een toegankelijke, inspirerende&nbsp; plek in Breda te cre\u00ebren waar ruimte is voor kunst, expressie en ontmoeting. De stichting stimuleert het scheppen van nieuwe vormen van theater en andere kunstzinnige uitingsvormen waarbij zij inzet op kleinschaligheid, betrokkenheid en maatschappelijke relevantie.<br>Stichting DeRuimte heeft als visie dat ze gelooft in de kracht van het kleine en het directe; een fluistervoordracht, een intieme dans, een \u00e9\u00e9n-op-\u00e9\u00e9n-gesprek of een verstilde performance. Deze vormen zijn bij uitstek geschikt om de verbinding tussen mensen te versterken. Zij kiest bewust en nadrukkelijk voor een inclusieve, duurzame en mensgerichte aanpak. Inclusief betekent dat er ruimte is voor diverse stemmen en achtergronden. Duurzaam betekent dat wordt ge\u00efnvesteerd in lokale verankering, eerlijke werkpraktijken en klimaatbewuste bedrijfsvoering. Mensgericht betekent dat cultuur wordt gezien als motor voor verbinding, reflectie, educatie en gemeenschapsvorming.<\/p>\n<p><strong>De juridische basis<\/strong> bestaat uit de notari\u00eble statuten van de stichting, zoals gepubliceerd bij de Kamer van Koophandel en geregistreerd als producent van podiumkunst, met als statutaire doelstelling:<br>\u201cHet stimuleren van de belangstelling voor, en het ontwikkelen van voorwaarden tot, het scheppen van nieuwe vormen van theater en het stimuleren van andere vormen van expressie die hiermee in relatie staan, alsmede het verrichten van alle verdere handelingen die met het vorenstaande in de ruimste zin verband houden of daartoe bevorderlijk zijn.\u201d<br>Als middelen om dit doel te bereiken trekt de stichting begaafde choreografen, regisseurs en coaches aan. Zij geeft voorlichting via publicaties en open dagen, verstrekt opdrachten voor het ontwerpen van decors, kostuums, licht, muziek en publiciteitsmateriaal en biedt werkgelegenheid aan dansers, acteurs en coaches. Daarnaast stelt zij de noodzakelijke werkruimtes, kleed- en doucheruimtes, opslag, documentatieruimte en vergaderruimtes beschikbaar.<br>De stichting heeft geen winstoogmerk. Alle opbrengsten worden ingezet om culturele en maatschappelijke doelstellingen te ondersteunen.<\/p>\n<p><strong>De korte termijn<\/strong> doelstelling (2025\u20132027)is:<br>Het professionaliseren van de programmering (muziek, theater, film, exposities, residenties) en het vergroten van zichtbaarheid en publieksbereik, met speciale aandacht voor kinderen, ouderen en ondervertegenwoordigde groepen. Daarnaast zal de stichting lokale netwerken versterken in Breda-West, waaronder samenwerking met welzijnsinstellingen, zorgorganisaties en scholen. De opstart van een vriendenkring\/donateursnetwerk maakt een belangrijk deel uit van deze korte termijn doelstelling.<br><strong>De lange termijn<\/strong> doelstelling (2025\u20132030) is:<br>Het positioneren van Stichting DeRuimte als vaste culturele speler in Breda met structurele steun. Het verduurzamen van gebouw en organisatie op het gebied van energie, materialen, lokale inkoop. Het structureel inzetten op inclusie en participatie door middel van een brede toegankelijkheid van programma\u2019s. Daarnaast wordt ingezet op uitbreiding van artistieke residenties en talentontwikkelingstrajecten.<\/p>\n<p><strong>Kernactiviteiten<\/strong> van de stichting zijn:<br>Culturele programmering van voorstellingen, voordrachten, concerten, filmavonden en exposities.<br>Educatie van aankomend kunstenaars en participatie in workshops, open ateliers, kunstenaarsresidenties en ontmoetingsmomenten.<br>Het leveren van een bijdrage aan buurtverbinding door het organiseren van buurtfeesten, themadiners en open podia in samenwerking met lokale partners.<br>Het faciliteren van organisaties, producenten, lokaal talent, kunstenaars, performers, schrijvers, choreografen, interdisciplinaire makers en sociale initiatieven door het beschikbaar stellen van werk- en presentatieruimtes.<br>Als publiek voor de diverse kunst- en cultuurvormen richt de stichting zich op wijkbewoners, cultuurliefhebbers, scholen, zorginstellingen en nieuwe doelgroepen met minder toegang tot cultuur.<br>Partners hierbij zijn culturele instellingen, welzijnsorganisaties, onderwijsinstellingen, de Gemeente Breda en lokale ondernemers.<\/p>\n<p><strong>Het bestuur<\/strong> van de stichting is onbezoldigd en houdt toezicht op het beleid en de financi\u00ebn. Bestuursleden ontvangen geen beloning voor hun werkzaamheden. Zij hebben uitsluitend recht op vergoeding van daadwerkelijk gemaakte onkosten.&nbsp;De dagelijkse leiding bestaat uit een artistiek en zakelijk team, deels betaald en deels vrijwillig.&nbsp;Eventuele medewerkers of ingehuurde professionals ontvangen een redelijke vergoeding die past bij de aard van de werkzaamheden en de financi\u00eble mogelijkheden van de stichting.&nbsp;Daarnaast gaat de stichting partnerschappen aan met maatschappelijke organisaties, culturele netwerken en overheden.&nbsp;Bij opheffing van de stichting wordt een eventueel batig saldo besteed aan een algemeen nut beogende instelling (ANBI) met een vergelijkbare doelstelling.<\/p>\n<p><strong>De fysieke locatie<\/strong> is Heuvelstraat 52-Bis in Breda en de stichting is gehuisvest in een voormalig kleuterschoolgebouw uit 1957 waarin nu een modern toegeruste theaterzaal, werk-, oefen- en multifunctionele ruimtes aanwezig zijn. De locatie is goed bereikbaar per fiets, openbaar vervoer en auto en toegankelijk voor mindervalide mensen.<\/p>\n<p><strong>Financieel beleid<\/strong><br>De stichting heeft geen winstoogmerk en zet alle middelen in voor haar missie. Inkomstenbronnen zijn subsidies, projectfinanciering, donaties, sponsoring, zaalverhuur en ticketverkoop. Uitgaven betreffen o.a. culturele programmering, (co)productiekosten, marketingcommunicatie, vergoedingen, lonen en onderhoud.<br>Er is jaarlijkse verantwoording via jaarverslag, financi\u00eble rapportage en bestuurscontrole. Als beheersinstrumenten worden periodieke team- en bestuursevaluaties ingezet, evenals publieksonderzoek met feedbackformulieren en reflectiegesprekken met makers en partners.<br>De stichting streeft er niet naar vermogen op te bouwen anders dan een beperkte continu\u00efteitsreserve die nodig is voor de stabiliteit van de organisatie en het kunnen uitvoeren van activiteiten. Eventuele reserves worden aangehouden op een Nederlandse bankrekening op naam van de stichting. De stichting voert een voorzichtig financieel beleid en doet geen risicovolle beleggingen. Alle inkomsten en middelen worden volledig ingezet voor de verwezenlijking van de doelstellingen van de stichting. Eventuele positieve resultaten worden toegevoegd aan de algemene middelen en opnieuw ingezet voor culturele programmering, educatieve activiteiten, publieksbereik, talentontwikkeling en de instandhouding van de locatie.<\/p>\t\t\t\t\t\t\t\t<\/div>\n\t\t\t\t<\/div>\n\t\t\t\t\t<\/div>\n\t\t<\/div>\n\t\t\t\t\t<\/div>\n\t\t<\/section>\n\t\t\t\t<\/div>\n\t\t","protected":false},"excerpt":{"rendered":"<p>Beleidsplan 2025-2030 InleidingStichting DeRuimte is gevestigd aan de Heuvelstraat 52-Bis in Breda en organiseert culturele en maatschappelijke activiteiten die ruimte geven aan ontmoeting, expressie en ontwikkeling. De stichting is met [&hellip;]<\/p>\n","protected":false},"author":1,"featured_media":0,"parent":0,"menu_order":0,"comment_status":"closed","ping_status":"closed","template":"","meta":{"give_campaign_id":0,"footnotes":""},"class_list":["post-1650","page","type-page","status-publish","hentry"],"campaignId":"","_links":{"self":[{"href":"https:\/\/www.stichtingderuimte.nl\/index.php\/wp-json\/wp\/v2\/pages\/1650","targetHints":{"allow":["GET"]}}],"collection":[{"href":"https:\/\/www.stichtingderuimte.nl\/index.php\/wp-json\/wp\/v2\/pages"}],"about":[{"href":"https:\/\/www.stichtingderuimte.nl\/index.php\/wp-json\/wp\/v2\/types\/page"}],"author":[{"embeddable":true,"href":"https:\/\/www.stichtingderuimte.nl\/index.php\/wp-json\/wp\/v2\/users\/1"}],"replies":[{"embeddable":true,"href":"https:\/\/www.stichtingderuimte.nl\/index.php\/wp-json\/wp\/v2\/comments?post=1650"}],"version-history":[{"count":217,"href":"https:\/\/www.stichtingderuimte.nl\/index.php\/wp-json\/wp\/v2\/pages\/1650\/revisions"}],"predecessor-version":[{"id":4271,"href":"https:\/\/www.stichtingderuimte.nl\/index.php\/wp-json\/wp\/v2\/pages\/1650\/revisions\/4271"}],"wp:attachment":[{"href":"https:\/\/www.stichtingderuimte.nl\/index.php\/wp-json\/wp\/v2\/media?parent=1650"}],"curies":[{"name":"wp","href":"https:\/\/api.w.org\/{rel}","templated":true}]}}